{"id":1645,"date":"2018-05-30T17:22:06","date_gmt":"2018-05-30T17:22:06","guid":{"rendered":"http:\/\/sevilarconsulting.com\/?page_id=1645"},"modified":"2019-03-09T16:32:49","modified_gmt":"2019-03-09T16:32:49","slug":"sevices","status":"publish","type":"page","link":"https:\/\/sevilarconsulting.com\/az\/sevices\/","title":{"rendered":"Xidm\u0259tl\u0259rimiz"},"content":{"rendered":"Xidm\u0259tl\u0259rimiz:<\/p>\n<p>&#8211; Paraliqal xidm\u0259tl\u0259ri<\/p>\n<p>&#8211; AB\u015e-da \u0130ngilis dili m\u0259kt\u0259bl\u0259ri, kollec v\u0259 universitetl\u0259r\u0259 q\u0259bul prosesi il\u0259 ba\u011fl\u0131 informasiya d\u0259st\u0259yinin verilm\u0259sind\u0259, t\u0259l\u0259b edil\u0259n s\u0259n\u0259dl\u0259rin yaz\u0131lmas\u0131nda v\u0259 g\u00f6nd\u0259rilm\u0259sind\u0259 m\u0259sl\u0259h\u0259tl\u0259r<\/p>\n<p>&#8211; Bir s\u0131ra dill\u0259rd\u0259n, x\u00fcsusil\u0259 Az\u0259rbaycan v\u0259 Rus dill\u0259rind\u0259n s\u0259n\u0259dl\u0259rin \u0130ngilis dilin\u0259 t\u0259rc\u00fcm\u0259 edilm\u0259sind\u0259, notarius t\u0259sdiqind\u0259, intervyu \u00fc\u00e7\u00fcn t\u0259rc\u00fcm\u0259\u00e7inin t\u0259min edilm\u0259sind\u0259 m\u0259sl\u0259h\u0259tl\u0259r<\/p>\n<p>&#8211; AB\u015e-da biznes qurmaqda, i\u015f axtarmaqda, m\u00fcxt\u0259lif, o c\u00fcml\u0259d\u0259n immiqrasiya il\u0259 ba\u011fl\u0131 s\u0259n\u0259dl\u0259rin doldurulmas\u0131nda, inteqrasiyada, v\u0259kilin tap\u0131lmas\u0131nda v\u0259 s. m\u0259sl\u0259h\u0259tl\u0259r","protected":false},"excerpt":{"rendered":"<p>Xidm\u0259tl\u0259rimiz: &#8211; Paraliqal xidm\u0259tl\u0259ri &#8211; AB\u015e-da \u0130ngilis dili m\u0259kt\u0259bl\u0259ri, kollec v\u0259 universitetl\u0259r\u0259 q\u0259bul prosesi il\u0259 ba\u011fl\u0131 informasiya d\u0259st\u0259yinin verilm\u0259sind\u0259, t\u0259l\u0259b edil\u0259n s\u0259n\u0259dl\u0259rin yaz\u0131lmas\u0131nda v\u0259 g\u00f6nd\u0259rilm\u0259sind\u0259 m\u0259sl\u0259h\u0259tl\u0259r &#8211; Bir s\u0131ra dill\u0259rd\u0259n, x\u00fcsusil\u0259 Az\u0259rbaycan v\u0259 Rus dill\u0259rind\u0259n s\u0259n\u0259dl\u0259rin \u0130ngilis dilin\u0259 t\u0259rc\u00fcm\u0259 edilm\u0259sind\u0259, notarius t\u0259sdiqind\u0259, intervyu \u00fc\u00e7\u00fcn t\u0259rc\u00fcm\u0259\u00e7inin t\u0259min edilm\u0259sind\u0259 m\u0259sl\u0259h\u0259tl\u0259r &#8211; AB\u015e-da biznes qurmaqda, i\u015f axtarmaqda, m\u00fcxt\u0259lif, o c\u00fcml\u0259d\u0259n immiqrasiya il\u0259 ba\u011fl\u0131 s\u0259n\u0259dl\u0259rin doldurulmas\u0131nda, inteqrasiyada, v\u0259kilin tap\u0131lmas\u0131nda v\u0259 s. m\u0259sl\u0259h\u0259tl\u0259r<\/p>\n","protected":false},"author":1,"featured_media":0,"parent":0,"menu_order":0,"comment_status":"closed","ping_status":"closed","template":"","meta":{"footnotes":""},"class_list":["post-1645","page","type-page","status-publish","hentry"],"aioseo_notices":[],"_links":{"self":[{"href":"https:\/\/sevilarconsulting.com\/az\/wp-json\/wp\/v2\/pages\/1645","targetHints":{"allow":["GET"]}}],"collection":[{"href":"https:\/\/sevilarconsulting.com\/az\/wp-json\/wp\/v2\/pages"}],"about":[{"href":"https:\/\/sevilarconsulting.com\/az\/wp-json\/wp\/v2\/types\/page"}],"author":[{"embeddable":true,"href":"https:\/\/sevilarconsulting.com\/az\/wp-json\/wp\/v2\/users\/1"}],"replies":[{"embeddable":true,"href":"https:\/\/sevilarconsulting.com\/az\/wp-json\/wp\/v2\/comments?post=1645"}],"version-history":[{"count":9,"href":"https:\/\/sevilarconsulting.com\/az\/wp-json\/wp\/v2\/pages\/1645\/revisions"}],"predecessor-version":[{"id":1799,"href":"https:\/\/sevilarconsulting.com\/az\/wp-json\/wp\/v2\/pages\/1645\/revisions\/1799"}],"wp:attachment":[{"href":"https:\/\/sevilarconsulting.com\/az\/wp-json\/wp\/v2\/media?parent=1645"}],"curies":[{"name":"wp","href":"https:\/\/api.w.org\/{rel}","templated":true}]}}